{"id":242840,"date":"2023-04-23T10:41:05","date_gmt":"2023-04-23T10:41:05","guid":{"rendered":"https:\/\/www.oialla.com\/?page_id=242840"},"modified":"2026-04-03T21:23:12","modified_gmt":"2026-04-03T19:23:12","slug":"locations","status":"publish","type":"page","link":"https:\/\/www.oialla.com\/en\/locations\/","title":{"rendered":"Locations"},"content":{"rendered":"\n<div class=\"et_pb_section_0 et_pb_section et_section_regular et_block_section\"><div class=\"et_pb_row_0 et_pb_row et_block_row\"><div class=\"et_pb_column_0 et_pb_column et_pb_column_4_4 et-last-child et_block_column et_pb_css_mix_blend_mode_passthrough\"><div class=\"et_pb_text_0 et_pb_text et_pb_bg_layout_light et_pb_module et_block_module et_pb_text_align_center preset--module--divi-text--c16985e1-e0d6-4022-964d-e2bfc04fa633\"><div class=\"et_pb_text_inner\"><h1>Locations<\/h1>\n<\/div><\/div><div class=\"et_pb_module et_pb_button_module_wrapper et_pb_button_0_wrapper preset--module--divi-button--31b4f027-aaa0-4f2f-ae02-959764e19e4f_wrapper\"><a class=\"et_pb_button_0 et_pb_button et_pb_bg_layout_light et_pb_module et_block_module preset--module--divi-button--31b4f027-aaa0-4f2f-ae02-959764e19e4f\" href=\"https:\/\/www.oialla.com\/en\/products\/\">Shop Now<\/a><\/div><\/div><\/div><\/div><div class=\"et_pb_section_1 et_pb_section et_section_regular et_block_section\"><div class=\"et_pb_row_1 et_pb_row et_block_row\"><div class=\"et_pb_column_1 et_pb_column et_pb_column_4_4 et-last-child et_block_column et_pb_css_mix_blend_mode_passthrough\"><div class=\"et_pb_text_1 et_pb_text et_pb_bg_layout_light et_pb_module et_block_module et_pb_text_align_center preset--module--divi-text--c16985e1-e0d6-4022-964d-e2bfc04fa633\"><div class=\"et_pb_text_inner\"><div class=\"fusion-title title fusion-title-1 sep-underline sep-solid fusion-title-text fusion-title-size-one\">\n<h1 class=\"title-heading-left fusion-responsive-typography-calculated\" data-fontsize=\"42\" data-lineheight=\"55.86px\">Where to find our chocolate<\/h1>\n<\/div>\n<div class=\"fusion-text fusion-text-1\"><\/div>\n<\/div><\/div><div class=\"et_pb_text_2 et_pb_text et_pb_bg_layout_light et_pb_module et_block_module et_pb_text_align_center preset--module--divi-text--1f09816e-184e-4ce5-a4cf-b39c52c423ca\"><div class=\"et_pb_text_inner\"><h2 class=\"section-header\">Denmark<\/h2>\n<div class=\"rte\">\n<p><a href=\"http:\/\/www.lafromagerie.dk\/\" target=\"_blank\" rel=\"noopener\"><strong style=\"font-size: 16px;\"><span style=\"font-size: 16px;\"><strong><\/strong><\/span><\/strong><\/a><\/p>\n<p><a href=\"http:\/\/www.lafromagerie.dk\/\" target=\"_blank\" rel=\"noopener\"><strong style=\"font-size: 16px;\"><span style=\"font-size: 16px;\"><strong>La Fromageri<\/strong><\/span><\/strong><\/a><br \/>Nordre Frihavnsgade 16<br \/>2100 K\u00f8benhavn \u00d8<\/p>\n<p>\u00a0<strong style=\"font-size: 16px;\"><a href=\"https:\/\/www.tripadvisor.dk\/Restaurant_Review-g608738-d13954327-Reviews-Batting_Bakery-Charlottenlund_Gentofte_Municipality_Copenhagen_Region_Zealand.html\" target=\"_blank\" rel=\"noopener\">Batting bageri<\/a><\/strong><\/p>\n<div><span style=\"font-size: 16px;\">Ordrupvej 101<\/span><\/div>\n<div>Charlottenlund<\/div>\n<div>\n<p>&nbsp;<\/p>\n<div dir=\"ltr\"><strong><a href=\"https:\/\/beantobite.dk\/\" target=\"_blank\" rel=\"noopener\">Bean to Bite<\/a><\/strong><\/div>\n<div dir=\"ltr\">\u00d8stergade 26A<\/div>\n<div dir=\"ltr\">1100 K\u00f8benhavn K<\/div>\n<div dir=\"ltr\">91108423<\/div>\n<\/div>\n<h6><span><\/span><\/h6>\n<h2><span>United Kingdom<\/span><\/h2>\n<div>\n<p><span><strong><a href=\"https:\/\/cocoarunners.com\/\" target=\"_blank\" rel=\"noopener noreferrer\">Cocoarunners.com<\/a><\/strong><br \/>Online shop<br \/><\/span><span>Phone: +44 8446 921234<\/span><\/p>\n<p>&nbsp;<\/p>\n<\/div>\n<h2>France<\/h2>\n<div>\n<p><strong><a href=\"http:\/\/www.cafe-daure.com\/\" target=\"_blank\" rel=\"noopener noreferrer\">Caf\u00e9 Daur\u00e9 Fr\u00e8res<\/a><\/strong><br \/><span>1 avenue de la Voie au Coq<\/span><br \/><span>14 760 Bretteville sur Odon<\/span><br \/><span>Phone: +33 658 414 465<\/span><\/p>\n<p><span style=\"font-size: 16px;\"><\/span><a title=\"Toupinouche\" href=\"https:\/\/www.facebook.com\/toupinouche\/\" target=\"_blank\" rel=\"noopener noreferrer\" style=\"font-size: 16px;\"><strong>Toupinouche<\/strong><\/a><\/p>\n<\/div>\n<div>\n<p><span> <span class=\"_Xbe\">145-147 Rue Grande\u00a0<\/span><br \/>92380 Garches<br \/>Phone: +33 954 664 783<\/span><\/p>\n<p><span style=\"font-size: 16px;\"><\/span><a href=\"http:\/\/www.atelierdessaveurs.com\/\" target=\"_blank\" rel=\"noopener noreferrer\" style=\"font-size: 16px;\"><strong>L'Atelier des saveurs<\/strong><\/a><\/p>\n<\/div>\n<div>\n<p><span> 5, route du Letty<br \/>29950 Benodet<br \/>Phone: +33 298 570 127<\/span><\/p>\n<p><span style=\"font-size: 16px;\"><\/span><a href=\"http:\/\/www.leversance.fr\/\" target=\"_blank\" rel=\"noopener noreferrer\" style=\"font-size: 16px;\"><strong>Le Versance<\/strong><\/a><\/p>\n<\/div>\n<div>\n<p><span> <span class=\"_Xbe\">16 Rue Feydeau<\/span><br \/>75002 Paris<br \/>Phone: +33 981 240 368<\/span><\/p>\n<p><span style=\"font-size: 16px;\"><\/span><a title=\"Palais des \u00c9pices\" href=\"https:\/\/www.terreexotique.fr\/blog\/le-palais-des-epices\/\" target=\"_blank\" rel=\"noopener noreferrer\" style=\"font-size: 16px;\"><strong>Palais des \u00c9pices<\/strong><\/a><\/p>\n<\/div>\n<div>\n<p><span><span class=\"_Xbe\">Place Gaston Paillhou<\/span><br \/>37000\u00a0Tours<br \/>Phone: +33 247 388 091<\/span><\/p>\n<p><span style=\"font-size: 16px;\"><\/span><a title=\"Bio Douarnenez\" href=\"http:\/\/www.bio-douarnenez.fr\/\" target=\"_blank\" rel=\"noopener noreferrer\" style=\"font-size: 16px;\"><strong>Sarl Tanis Bio Douarnenez<\/strong><\/a><\/p>\n<\/div>\n<div>\n<p><span> <span class=\"_Xbe\">12\u00a0rue Pen ar Menez<\/span><br \/>29100 Douarnenez<br \/>Phone: +33 298 923 480<\/span><\/p>\n<p><strong style=\"font-size: 16px;\"><a href=\"http:\/\/delikats.com\/\" target=\"_blank\" rel=\"noopener noreferrer\">Delikats<\/a><\/strong><\/p>\n<\/div>\n<div>\n<p><span><strong>Online shop<br \/><\/strong>Phone: +33 981 058 317<\/span><\/p>\n<p>&nbsp;<\/p>\n<\/div>\n<h2>Germany<\/h2>\n<div><\/div>\n<div>\n<p><strong><a href=\"https:\/\/www.die-schokoladengalerie.de\/\" target=\"_blank\" rel=\"noopener noreferrer\">Die Schokoladengalerie<\/a><\/strong><br \/><span class=\"_Xbe\">Triftstra\u00dfe 4<\/span><br \/><span>80538 M\u00fcnchen<\/span><br \/><span>Phone:\u00a0<\/span><span class=\"_Xbe _ZWk kno-fv\"><span data-dtype=\"d3ph\">+49 8945216652<\/span><\/span><\/p>\n<p><span style=\"font-size: 16px;\"><\/span><a href=\"http:\/\/www.xocoatl.de\/\" target=\"_blank\" rel=\"noopener noreferrer\" style=\"font-size: 16px;\"><strong>xocoatl - feine schokoladen<\/strong><\/a><\/p>\n<\/div>\n<div>\n<p><span class=\"_Xbe _ZWk kno-fv\"><span data-dtype=\"d3ph\"> <span class=\"_Xbe\">Grabenstra\u00dfe 24<\/span><br \/>65183 Wiesbaden<br \/>Phone:\u00a0+49 6113417364<\/span><\/span><\/p>\n<p><span class=\"_Xbe _ZWk kno-fv\"><span data-dtype=\"d3ph\"><\/span><\/span><\/p>\n<\/div>\n<div><\/div>\n<div>\n<p><span class=\"_Xbe _ZWk kno-fv\"><span data-dtype=\"d3ph\"><strong><a href=\"https:\/\/schokoundrum.de\/\" target=\"_blank\" rel=\"noopener noreferrer\">JTJ Connaisseur UG<br \/><\/a>Online shop<br \/><\/strong>Phone: +49 15114294169<\/span><\/span><\/p>\n<p><span style=\"font-size: 16px;\"><\/span><a href=\"https:\/\/memorysweets.com\/\" target=\"_blank\" rel=\"noopener noreferrer\" style=\"font-size: 16px;\"><strong>Memory Sweets GmbH<\/strong><\/a><\/p>\n<\/div>\n<div>\n<p><span><strong>Online shop<br \/><\/strong>Phone: +49 (0)30\/2325676-20<\/span><\/p>\n<p>&nbsp;<\/p>\n<\/div>\n<h2>Belgium<\/h2>\n<div><\/div>\n<div>\n<p><a href=\"http:\/\/www.hildedevolderchocolatier.be\/\" target=\"_blank\" rel=\"noopener noreferrer\"><strong>Hilde Devolder Chocolatier<\/strong><\/a><br \/><span>Burgstraat 43<\/span><br \/><span>9000 Ghent<\/span><br \/><span>Phone: +32 495 65 52 81<\/span><\/p>\n<\/div>\n<div><\/div>\n<div>\n<p><span><strong><\/strong><\/span><\/p>\n<p><span><a href=\"http:\/\/www.patisserievercruysse.be\/\" target=\"_blank\" rel=\"noopener noreferrer\"><strong>Patisserie-Chocolatier Vercruysse<\/strong><\/a><br \/><span itemtype=\"http:\/\/schema.org\/PostalAddress\" itemscope=\"\" itemprop=\"address\"><span itemprop=\"streetAddress\">Doorniksewijk 115-117<\/span>\u00a0<\/span><br \/><span itemprop=\"postalCode\">8500\u00a0<\/span><span itemprop=\"addressLocality\">Kortrijk<\/span><br \/>Phone:\u00a0<span itemprop=\"telephone\">+32 56 21 68 81<\/span><\/span><\/p>\n<p>&nbsp;<\/p>\n<\/div>\n<h2>Spain<\/h2>\n<div><\/div>\n<div>\n<p><a title=\"Club del Chocolate\" href=\"http:\/\/www.clubdelchocolate.com\/\" target=\"_blank\" rel=\"noopener noreferrer\"><strong>Club Del Chocolate<\/strong>\u00a0<\/a><span>-\u00a0<\/span><strong>online shop<\/strong><br \/><span>Phone: +34 616 98 48 60<\/span><\/p>\n<\/div>\n<div><\/div>\n<div><\/div>\n<div>For information about B2B sales please contact us at oialla@oialla.com or +45 2162 0405<\/div>\n<\/div>\n<div class=\"fusion-text fusion-text-3\"><\/div>\n<\/div><\/div><\/div><\/div><\/div>\n","protected":false},"excerpt":{"rendered":"","protected":false},"author":1,"featured_media":0,"parent":0,"menu_order":0,"comment_status":"closed","ping_status":"closed","template":"","meta":{"footnotes":""},"class_list":["post-242840","page","type-page","status-publish","hentry"],"_links":{"self":[{"href":"https:\/\/www.oialla.com\/en\/wp-json\/wp\/v2\/pages\/242840","targetHints":{"allow":["GET"]}}],"collection":[{"href":"https:\/\/www.oialla.com\/en\/wp-json\/wp\/v2\/pages"}],"about":[{"href":"https:\/\/www.oialla.com\/en\/wp-json\/wp\/v2\/types\/page"}],"author":[{"embeddable":true,"href":"https:\/\/www.oialla.com\/en\/wp-json\/wp\/v2\/users\/1"}],"replies":[{"embeddable":true,"href":"https:\/\/www.oialla.com\/en\/wp-json\/wp\/v2\/comments?post=242840"}],"version-history":[{"count":0,"href":"https:\/\/www.oialla.com\/en\/wp-json\/wp\/v2\/pages\/242840\/revisions"}],"wp:attachment":[{"href":"https:\/\/www.oialla.com\/en\/wp-json\/wp\/v2\/media?parent=242840"}],"curies":[{"name":"wp","href":"https:\/\/api.w.org\/{rel}","templated":true}]}}